{"id":2213,"date":"2015-03-28T21:09:15","date_gmt":"2015-03-28T21:09:15","guid":{"rendered":"http:\/\/terradisienagolden.com\/es\/?page_id=2213"},"modified":"2024-09-07T18:37:38","modified_gmt":"2024-09-07T18:37:38","slug":"camada-actual","status":"publish","type":"page","link":"https:\/\/terradisienagolden.com\/es\/camada-actual\/","title":{"rendered":"Camada Actual:Psych\u00e9 x dreamer camada prevista para finales de octubre 2024"},"content":{"rendered":"\n<figure class=\"wp-block-gallery has-nested-images columns-default is-cropped wp-block-gallery-1 is-layout-flex wp-block-gallery-is-layout-flex\">\n<figure class=\"wp-block-image size-large\"><a href=\"https:\/\/terradisienagolden.com\/es\/wp-content\/uploads\/sites\/4\/2022\/07\/web-psyche-DSC_2109.jpg\" class=\"link-to-image js-link-to-image\"><img loading=\"lazy\" decoding=\"async\" width=\"1024\" height=\"680\" data-id=\"3227\" src=\"https:\/\/terradisienagolden.com\/es\/wp-content\/uploads\/sites\/4\/2022\/07\/web-psyche-DSC_2109-1024x680.jpg\" alt=\"\" class=\"wp-image-3227\" srcset=\"https:\/\/terradisienagolden.com\/es\/wp-content\/uploads\/sites\/4\/2022\/07\/web-psyche-DSC_2109-1024x680.jpg 1024w, https:\/\/terradisienagolden.com\/es\/wp-content\/uploads\/sites\/4\/2022\/07\/web-psyche-DSC_2109-300x199.jpg 300w, https:\/\/terradisienagolden.com\/es\/wp-content\/uploads\/sites\/4\/2022\/07\/web-psyche-DSC_2109-768x510.jpg 768w, https:\/\/terradisienagolden.com\/es\/wp-content\/uploads\/sites\/4\/2022\/07\/web-psyche-DSC_2109.jpg 1200w\" sizes=\"auto, (max-width: 1024px) 100vw, 1024px\" \/><\/a><figcaption class=\"wp-element-caption\">PSYCH\u00c9<\/figcaption><\/figure>\n\n\n\n<figure class=\"wp-block-image size-large\"><a href=\"https:\/\/terradisienagolden.com\/es\/wp-content\/uploads\/sites\/4\/2024\/09\/WEB-DREAMER-GRC-2024-DSC_5261.jpg\" class=\"link-to-image js-link-to-image\"><img loading=\"lazy\" decoding=\"async\" width=\"1024\" height=\"682\" data-id=\"3296\" src=\"https:\/\/terradisienagolden.com\/es\/wp-content\/uploads\/sites\/4\/2024\/09\/WEB-DREAMER-GRC-2024-DSC_5261-1024x682.jpg\" alt=\"\" class=\"wp-image-3296\" srcset=\"https:\/\/terradisienagolden.com\/es\/wp-content\/uploads\/sites\/4\/2024\/09\/WEB-DREAMER-GRC-2024-DSC_5261-1024x682.jpg 1024w, https:\/\/terradisienagolden.com\/es\/wp-content\/uploads\/sites\/4\/2024\/09\/WEB-DREAMER-GRC-2024-DSC_5261-300x200.jpg 300w, https:\/\/terradisienagolden.com\/es\/wp-content\/uploads\/sites\/4\/2024\/09\/WEB-DREAMER-GRC-2024-DSC_5261-768x511.jpg 768w, https:\/\/terradisienagolden.com\/es\/wp-content\/uploads\/sites\/4\/2024\/09\/WEB-DREAMER-GRC-2024-DSC_5261.jpg 1500w\" sizes=\"auto, (max-width: 1024px) 100vw, 1024px\" \/><\/a><figcaption class=\"wp-element-caption\">DREAMER<\/figcaption><\/figure>\n<\/figure>\n\n\n\n<div class=\"wp-block-columns\"><br><br><br><br><br><br><br><br><table style=\"border-collapse: collapse; width: 100%;\"><tbody><tr><td style=\"width: 50%; text-align: center;\"><a href=\"https:\/\/terradisienagolden.com\/es\/portfolio\/our-golden\/psyche-te-terra-di-siena-du-bois-de-la-rayere-psyche\/\">Informaci\u00f3n sobre Psych\u00e9<\/a><\/td><td style=\"width: 50%; text-align: center;\"><a href=\"https:\/\/terradisienagolden.com\/es\/portfolio\/our-golden\/terra-di-siena-im-a-dreamer\/\">Informaci\u00f3n sobre Dreamer<\/a><\/td><\/tr><\/tbody><\/table><br><\/div>\n\n\n\n<p>Nuestros cachorros se entregan, a partir de las nueve semanas de vida:<br>Vacunados.(Dos Vacunaciones)<br>Desparasitados<br>Certificados de los padres de control de displasia de cadera y codos (BVA) y taras oculares. CER<br>Identificados con microchip.<br>Certificado de inscripcion en el L.O.E.<br>Pedigr\u00ed de cinco generaciones.<br>Pasaporte europeo.<br>Libro del cachorro de Terra di Siena.<br>Kit del cachorro gentileza de Royal Canin.<\/p>\n\n\n\n<p>Si necesitas informaci\u00f3n o tienes cualquier consulta , por favor, contacta con nosotros.<br>\n<div class=\"wpcf7 no-js\" id=\"wpcf7-f3003-o1\" lang=\"es-ES\" dir=\"ltr\" data-wpcf7-id=\"3003\">\n<div class=\"screen-reader-response\"><p role=\"status\" aria-live=\"polite\" aria-atomic=\"true\"><\/p> <ul><\/ul><\/div>\n<form action=\"\/es\/wp-json\/wp\/v2\/pages\/2213#wpcf7-f3003-o1\" method=\"post\" class=\"wpcf7-form init\" aria-label=\"Formulario de contacto\" novalidate=\"novalidate\" data-status=\"init\">\n<fieldset class=\"hidden-fields-container\"><input type=\"hidden\" name=\"_wpcf7\" value=\"3003\" \/><input type=\"hidden\" name=\"_wpcf7_version\" value=\"6.1\" \/><input type=\"hidden\" name=\"_wpcf7_locale\" value=\"es_ES\" \/><input type=\"hidden\" name=\"_wpcf7_unit_tag\" value=\"wpcf7-f3003-o1\" \/><input type=\"hidden\" name=\"_wpcf7_container_post\" value=\"0\" \/><input type=\"hidden\" name=\"_wpcf7_posted_data_hash\" value=\"\" \/><input type=\"hidden\" name=\"_wpcf7_recaptcha_response\" value=\"\" \/>\n<\/fieldset>\n<p>[cf7ic]<br \/>\n<label> Tu nombre (obligatorio)<br \/>\n<span class=\"wpcf7-form-control-wrap\" data-name=\"your-name\"><input size=\"40\" maxlength=\"400\" class=\"wpcf7-form-control wpcf7-text wpcf7-validates-as-required\" aria-required=\"true\" aria-invalid=\"false\" value=\"\" type=\"text\" name=\"your-name\" \/><\/span> <\/label>\n<\/p>\n<p><label> Tu correo electr\u00f3nico (obligatorio)<br \/>\n<span class=\"wpcf7-form-control-wrap\" data-name=\"your-email\"><input size=\"40\" maxlength=\"400\" class=\"wpcf7-form-control wpcf7-email wpcf7-validates-as-required wpcf7-text wpcf7-validates-as-email\" aria-required=\"true\" aria-invalid=\"false\" value=\"\" type=\"email\" name=\"your-email\" \/><\/span> <\/label>\n<\/p>\n<p><span class=\"wpcf7-form-control-wrap\" data-name=\"acceptance-44\"><span class=\"wpcf7-form-control wpcf7-acceptance optional\"><span class=\"wpcf7-list-item\"><input type=\"checkbox\" name=\"acceptance-44\" value=\"1\" aria-invalid=\"false\" \/><\/span><\/span><\/span>Acepto la pol\u00edtica de privacidad\n<\/p>\n<p><label> Tu mensaje<br \/>\n<span class=\"wpcf7-form-control-wrap\" data-name=\"your-message\"><textarea cols=\"40\" rows=\"10\" maxlength=\"2000\" class=\"wpcf7-form-control wpcf7-textarea\" aria-invalid=\"false\" name=\"your-message\"><\/textarea><\/span> <\/label>\n<\/p>\n<p><input class=\"wpcf7-form-control wpcf7-submit has-spinner\" type=\"submit\" value=\"Enviar\" \/>\n<\/p><p style=\"display: none !important;\"><label>&#916;<textarea name=\"_wpcf7_ak_hp_textarea\" cols=\"45\" rows=\"8\" maxlength=\"100\"><\/textarea><\/label><input type=\"hidden\" id=\"ak_js_1\" name=\"_wpcf7_ak_js\" value=\"176\"\/><script>document.getElementById( \"ak_js_1\" ).setAttribute( \"value\", ( new Date() ).getTime() );<\/script><\/p><div class=\"wpcf7-response-output\" aria-hidden=\"true\"><\/div>\n<\/form>\n<\/div>\n<\/p>\n\n\n","protected":false},"excerpt":{"rendered":"<p>Informaci\u00f3n sobre Psych\u00e9 Informaci\u00f3n sobre Dreamer Nuestros cachorros se entregan, a partir de las nueve semanas de vida:Vacunados.(Dos Vacunaciones)DesparasitadosCertificados de los padres de control de displasia de cadera y codos (BVA) y taras oculares. CERIdentificados con microchip.Certificado de inscripcion en el L.O.E.Pedigr\u00ed de cinco generaciones.Pasaporte europeo.Libro del cachorro de Terra &hellip;<\/p>\n<div class=\"wrap-excerpt-more\"><a class=\"excerpt-more\" href=\"https:\/\/terradisienagolden.com\/es\/camada-actual\/\">Read more<\/a><\/div>\n","protected":false},"author":1,"featured_media":0,"parent":0,"menu_order":0,"comment_status":"closed","ping_status":"closed","template":"","meta":{"jetpack_post_was_ever_published":false,"footnotes":""},"class_list":["post-2213","page","type-page","status-publish","hentry","post--no-featured-image"],"jetpack_sharing_enabled":true,"jetpack_shortlink":"https:\/\/wp.me\/P4v5GM-zH","_links":{"self":[{"href":"https:\/\/terradisienagolden.com\/es\/wp-json\/wp\/v2\/pages\/2213","targetHints":{"allow":["GET"]}}],"collection":[{"href":"https:\/\/terradisienagolden.com\/es\/wp-json\/wp\/v2\/pages"}],"about":[{"href":"https:\/\/terradisienagolden.com\/es\/wp-json\/wp\/v2\/types\/page"}],"author":[{"embeddable":true,"href":"https:\/\/terradisienagolden.com\/es\/wp-json\/wp\/v2\/users\/1"}],"replies":[{"embeddable":true,"href":"https:\/\/terradisienagolden.com\/es\/wp-json\/wp\/v2\/comments?post=2213"}],"version-history":[{"count":90,"href":"https:\/\/terradisienagolden.com\/es\/wp-json\/wp\/v2\/pages\/2213\/revisions"}],"predecessor-version":[{"id":3300,"href":"https:\/\/terradisienagolden.com\/es\/wp-json\/wp\/v2\/pages\/2213\/revisions\/3300"}],"wp:attachment":[{"href":"https:\/\/terradisienagolden.com\/es\/wp-json\/wp\/v2\/media?parent=2213"}],"curies":[{"name":"wp","href":"https:\/\/api.w.org\/{rel}","templated":true}]}}