{"id":141,"date":"2014-03-17T20:10:48","date_gmt":"2014-03-17T20:10:48","guid":{"rendered":"http:\/\/terradisienagolden.com\/en\/?page_id=141"},"modified":"2014-04-23T08:18:22","modified_gmt":"2014-04-23T08:18:22","slug":"about-us","status":"publish","type":"page","link":"https:\/\/terradisienagolden.com\/es\/about-us\/","title":{"rendered":"Nosotros"},"content":{"rendered":"<p align=\"justify\">\nTras dar la vuelta al mundo en un barco de vela durante nueve a\u00f1os empezamos una nueva vida en las Islas Canarias donde tuvimos nuestro primer Golden Retriever.Mas tarde nos trasladamos a Andaluc\u00eda en la Espa\u00f1a peninsular.<br \/>\nBienvenidos a Terra di Siena criadores de golden retrievers desde 1995, en Mijas en la Costa del Sol.<\/p>\n<p>Criamos \u00fanicamente Golden Retrievers intentando combinar perros sanos y t\u00edpicos en la raza, cuidando la producci\u00f3n de la belleza con un temperamento propio de esta raza.<\/p>\n<p>Nuestros perros viven en completa libertad y nos acompa\u00f1an dentro de nuestra casa.<\/p>\n<p>Nosotros criamos de acuerdo a los estandares del Kennel Club Brit\u00e1nico y al c\u00f3digo \u00e9tico del Golden Retriever Club de Inglaterra del que somos socios desde 1996, as\u00ed como del Club Espa\u00f1ol de Retrievers.<\/p>\n<p>Todos nuestros perros estan controlados en la displasia de cadera a trav\u00e9s de la British Veterinary Association, as\u00ed como de las taras oculares hereditarias, estando todos ellos libres de PRA1 y PRA2.<\/p>\n<p>Esperamos que disfruteis vistando nuestra web y os sint\u00e1is en casa.<\/p>\n<p><a href=\"http:\/\/terradisienagolden.com\/en\/wp-content\/uploads\/sites\/2\/2014\/03\/ABOUT-US-SERENA.jpg\" class=\"link-to-image js-link-to-image\"><img decoding=\"async\" src=\"http:\/\/terradisienagolden.com\/en\/wp-content\/uploads\/sites\/2\/2014\/03\/ABOUT-US-SERENA.jpg\" \/><\/a><a href=\"http:\/\/terradisienagolden.com\/en\/wp-content\/uploads\/sites\/2\/2014\/03\/ABOUT-US-ALFONSO-like-her1.jpg\" class=\"link-to-image js-link-to-image\"><img decoding=\"async\" src=\"http:\/\/terradisienagolden.com\/en\/wp-content\/uploads\/sites\/2\/2014\/03\/ABOUT-US-ALFONSO-like-her1.jpg\" \/><\/a><\/p>\n<p><a href='http:\/\/terradisienagolden.com\/es\/wp-content\/uploads\/sites\/4\/2014\/03\/ABOUT-US-11.jpg'><img loading=\"lazy\" decoding=\"async\" width=\"500\" height=\"500\" src=\"http:\/\/terradisienagolden.com\/es\/wp-content\/uploads\/sites\/4\/2014\/03\/ABOUT-US-11-500x500.jpg\" class=\"attachment-fluxus-gallery-thumbnail\" alt=\"ABOUT-US-11\" \/><\/a><\/p>\n<p><a href='http:\/\/terradisienagolden.com\/es\/wp-content\/uploads\/sites\/4\/2014\/03\/ABOUT-US-TAHITI-1024x679.jpg'><img loading=\"lazy\" decoding=\"async\" width=\"500\" height=\"500\" src=\"http:\/\/terradisienagolden.com\/es\/wp-content\/uploads\/sites\/4\/2014\/03\/ABOUT-US-TAHITI-1024x679-500x500.jpg\" class=\"attachment-fluxus-gallery-thumbnail\" alt=\"ABOUT-US-TAHITI-1024x679\" \/><\/a><\/p>\n<p><a href='http:\/\/terradisienagolden.com\/es\/wp-content\/uploads\/sites\/4\/2014\/03\/ABOUT-US-3.jpg'><img loading=\"lazy\" decoding=\"async\" width=\"500\" height=\"500\" src=\"http:\/\/terradisienagolden.com\/es\/wp-content\/uploads\/sites\/4\/2014\/03\/ABOUT-US-3-500x500.jpg\" class=\"attachment-fluxus-gallery-thumbnail\" alt=\"ABOUT-US-3\" \/><\/a><\/p>\n<p><a href='http:\/\/terradisienagolden.com\/es\/wp-content\/uploads\/sites\/4\/2014\/03\/ABOUT-US-5.jpg'><img loading=\"lazy\" decoding=\"async\" width=\"500\" height=\"500\" src=\"http:\/\/terradisienagolden.com\/es\/wp-content\/uploads\/sites\/4\/2014\/03\/ABOUT-US-5-500x500.jpg\" class=\"attachment-fluxus-gallery-thumbnail\" alt=\"ABOUT-US-5\" \/><\/a><\/p>\n<p><a href='http:\/\/terradisienagolden.com\/es\/wp-content\/uploads\/sites\/4\/2014\/03\/ABOUT-US-4.jpg'><img loading=\"lazy\" decoding=\"async\" width=\"500\" height=\"500\" src=\"http:\/\/terradisienagolden.com\/es\/wp-content\/uploads\/sites\/4\/2014\/03\/ABOUT-US-4-500x500.jpg\" class=\"attachment-fluxus-gallery-thumbnail\" alt=\"ABOUT-US-4\" \/><\/a><\/p>\n<p><a href='http:\/\/terradisienagolden.com\/es\/wp-content\/uploads\/sites\/4\/2014\/03\/TARIFA-2011-12-50.jpg'><img loading=\"lazy\" decoding=\"async\" width=\"500\" height=\"500\" src=\"http:\/\/terradisienagolden.com\/es\/wp-content\/uploads\/sites\/4\/2014\/03\/TARIFA-2011-12-50-500x500.jpg\" class=\"attachment-fluxus-gallery-thumbnail\" alt=\"TARIFA-2011-12-50\" \/><\/a><\/p>\n<p><a href='http:\/\/terradisienagolden.com\/es\/wp-content\/uploads\/sites\/4\/2014\/03\/JULIETT-2011-DSC_9555.jpg'><img loading=\"lazy\" decoding=\"async\" width=\"500\" height=\"500\" src=\"http:\/\/terradisienagolden.com\/es\/wp-content\/uploads\/sites\/4\/2014\/03\/JULIETT-2011-DSC_9555-500x500.jpg\" class=\"attachment-fluxus-gallery-thumbnail\" alt=\"JULIETT-2011-DSC_9555\" \/><\/a><\/p>\n<p><a href='http:\/\/terradisienagolden.com\/es\/wp-content\/uploads\/sites\/4\/2014\/03\/ABOUT-US-1.jpg'><img loading=\"lazy\" decoding=\"async\" width=\"500\" height=\"500\" src=\"http:\/\/terradisienagolden.com\/es\/wp-content\/uploads\/sites\/4\/2014\/03\/ABOUT-US-1-500x500.jpg\" class=\"attachment-fluxus-gallery-thumbnail\" alt=\"ABOUT-US-1\" \/><\/a><\/p>\n<p><a href='http:\/\/terradisienagolden.com\/es\/wp-content\/uploads\/sites\/4\/2014\/03\/ABOUT-US-tahiti0052.jpg'><img loading=\"lazy\" decoding=\"async\" width=\"500\" height=\"500\" src=\"http:\/\/terradisienagolden.com\/es\/wp-content\/uploads\/sites\/4\/2014\/03\/ABOUT-US-tahiti0052-500x500.jpg\" class=\"attachment-fluxus-gallery-thumbnail\" alt=\"ABOUT-US-tahiti0052\" \/><\/a><\/p>\n<p><a href='http:\/\/terradisienagolden.com\/es\/wp-content\/uploads\/sites\/4\/2014\/03\/ABOUT-US-tahiti0128.jpg'><img loading=\"lazy\" decoding=\"async\" width=\"500\" height=\"500\" src=\"http:\/\/terradisienagolden.com\/es\/wp-content\/uploads\/sites\/4\/2014\/03\/ABOUT-US-tahiti0128-500x500.jpg\" class=\"attachment-fluxus-gallery-thumbnail\" alt=\"ABOUT-US-tahiti0128\" \/><\/a><\/p>\n<p><a href='http:\/\/terradisienagolden.com\/es\/wp-content\/uploads\/sites\/4\/2014\/03\/ABOUT-US-Copia-de-web-tahiti0088.jpg'><img loading=\"lazy\" decoding=\"async\" width=\"500\" height=\"500\" src=\"http:\/\/terradisienagolden.com\/es\/wp-content\/uploads\/sites\/4\/2014\/03\/ABOUT-US-Copia-de-web-tahiti0088-500x500.jpg\" class=\"attachment-fluxus-gallery-thumbnail\" alt=\"ABOUT-US-Copia-de-web-tahiti0088\" \/><\/a><\/p>\n<p><a href='http:\/\/terradisienagolden.com\/es\/wp-content\/uploads\/sites\/4\/2014\/03\/ABOUT-US-tahiti0065-583x328.jpg'><img loading=\"lazy\" decoding=\"async\" width=\"500\" height=\"328\" src=\"http:\/\/terradisienagolden.com\/es\/wp-content\/uploads\/sites\/4\/2014\/03\/ABOUT-US-tahiti0065-583x328-500x328.jpg\" class=\"attachment-fluxus-gallery-thumbnail\" alt=\"ABOUT-US-tahiti0065-583x328\" \/><\/a><\/p>\n<p><a href='http:\/\/terradisienagolden.com\/es\/wp-content\/uploads\/sites\/4\/2014\/03\/ABOUT-US-VENEZUELA-tahiti0057.jpg'><img loading=\"lazy\" decoding=\"async\" width=\"500\" height=\"500\" src=\"http:\/\/terradisienagolden.com\/es\/wp-content\/uploads\/sites\/4\/2014\/03\/ABOUT-US-VENEZUELA-tahiti0057-500x500.jpg\" class=\"attachment-fluxus-gallery-thumbnail\" alt=\"ABOUT-US-VENEZUELA-tahiti0057\" \/><\/a><\/p>\n<p><a href='http:\/\/terradisienagolden.com\/es\/wp-content\/uploads\/sites\/4\/2014\/04\/tahiti0186.jpg'><img loading=\"lazy\" decoding=\"async\" width=\"500\" height=\"500\" src=\"http:\/\/terradisienagolden.com\/es\/wp-content\/uploads\/sites\/4\/2014\/04\/tahiti0186-500x500.jpg\" class=\"attachment-fluxus-gallery-thumbnail\" alt=\"tahiti0186\" \/><\/a><\/p>\n<p><a href='http:\/\/terradisienagolden.com\/es\/wp-content\/uploads\/sites\/4\/2014\/04\/tahiti0184.jpg'><img loading=\"lazy\" decoding=\"async\" width=\"500\" height=\"500\" src=\"http:\/\/terradisienagolden.com\/es\/wp-content\/uploads\/sites\/4\/2014\/04\/tahiti0184-500x500.jpg\" class=\"attachment-fluxus-gallery-thumbnail\" alt=\"tahiti0184\" \/><\/a><\/p>\n","protected":false},"excerpt":{"rendered":"<p>Tras dar la vuelta al mundo en un barco de vela durante nueve a\u00f1os empezamos una nueva vida en las Islas Canarias donde tuvimos nuestro primer Golden Retriever.Mas tarde nos trasladamos a Andaluc\u00eda en la Espa\u00f1a peninsular. Bienvenidos a Terra di Siena criadores de golden retrievers desde 1995, en Mijas &hellip;<\/p>\n<div class=\"wrap-excerpt-more\"><a class=\"excerpt-more\" href=\"https:\/\/terradisienagolden.com\/es\/about-us\/\">Read more<\/a><\/div>\n","protected":false},"author":1,"featured_media":0,"parent":0,"menu_order":0,"comment_status":"closed","ping_status":"closed","template":"","meta":{"jetpack_post_was_ever_published":false,"footnotes":""},"class_list":["post-141","page","type-page","status-publish","hentry","post--no-featured-image"],"jetpack_sharing_enabled":true,"jetpack_shortlink":"https:\/\/wp.me\/P4v5GM-2h","_links":{"self":[{"href":"https:\/\/terradisienagolden.com\/es\/wp-json\/wp\/v2\/pages\/141","targetHints":{"allow":["GET"]}}],"collection":[{"href":"https:\/\/terradisienagolden.com\/es\/wp-json\/wp\/v2\/pages"}],"about":[{"href":"https:\/\/terradisienagolden.com\/es\/wp-json\/wp\/v2\/types\/page"}],"author":[{"embeddable":true,"href":"https:\/\/terradisienagolden.com\/es\/wp-json\/wp\/v2\/users\/1"}],"replies":[{"embeddable":true,"href":"https:\/\/terradisienagolden.com\/es\/wp-json\/wp\/v2\/comments?post=141"}],"version-history":[{"count":7,"href":"https:\/\/terradisienagolden.com\/es\/wp-json\/wp\/v2\/pages\/141\/revisions"}],"predecessor-version":[{"id":1785,"href":"https:\/\/terradisienagolden.com\/es\/wp-json\/wp\/v2\/pages\/141\/revisions\/1785"}],"wp:attachment":[{"href":"https:\/\/terradisienagolden.com\/es\/wp-json\/wp\/v2\/media?parent=141"}],"curies":[{"name":"wp","href":"https:\/\/api.w.org\/{rel}","templated":true}]}}